{"id":3,"date":"2022-01-28T09:43:11","date_gmt":"2022-01-28T08:43:11","guid":{"rendered":"https:\/\/aira-system.com\/?page_id=3"},"modified":"2023-11-23T10:28:15","modified_gmt":"2023-11-23T09:28:15","slug":"politica-de-privacidad","status":"publish","type":"page","link":"https:\/\/aira-system.com\/en\/privacy-policy\/","title":{"rendered":"Privacy Policy"},"content":{"rendered":"<div data-elementor-type=\"wp-page\" data-elementor-id=\"3\" class=\"elementor elementor-3\" data-elementor-post-type=\"page\">\n\t\t\t\t\t\t<section data-particle_enable=\"false\" data-particle-mobile-disabled=\"false\" class=\"elementor-section elementor-top-section elementor-element elementor-element-27fa3ccb elementor-section-boxed elementor-section-height-default elementor-section-height-default\" data-id=\"27fa3ccb\" data-element_type=\"section\">\n\t\t\t\t\t\t<div class=\"elementor-container elementor-column-gap-default\">\n\t\t\t\t\t<div class=\"elementor-column elementor-col-100 elementor-top-column elementor-element elementor-element-6df8acb0\" data-id=\"6df8acb0\" data-element_type=\"column\">\n\t\t\t<div class=\"elementor-widget-wrap elementor-element-populated\">\n\t\t\t\t\t\t<div class=\"elementor-element elementor-element-12c6080 elementor-widget elementor-widget-html\" data-id=\"12c6080\" data-element_type=\"widget\" data-widget_type=\"html.default\">\n\t\t\t\t<div class=\"elementor-widget-container\">\n\t\t\t<iframe id=\"seifti_cms_10wV9MYgkshnvIJ31AfYRvIevuWGSFzOM8JSoXDltcqeLTcs7kXAYPC2y10MgX2aIGjBBQMdaCsy2lPNeJWaqyP1G6jZz2TFGQuhOqVMTAHzOTq\" style=\"width:100%;max-width:860px;display:block;margin:auto;padding:50px; border:none;\" scrolling=\"no\" src=\"https:\/\/ext.seifti.io\/cms\/document\/html?l=es&c=10wV9MYgkshnvIJ31AfYRvIevuWGSFzOM8JSoXDltcqeLTcs7kXAYPC2y10MgX2aIGjBBQMdaCsy2lPNeJWaqyP1G6jZz2TFGQuhOqVMTAHzOTq\"><\/iframe><script>window.addEventListener(\"message\",function(e){document.getElementById(\"seifti_cms_10wV9MYgkshnvIJ31AfYRvIevuWGSFzOM8JSoXDltcqeLTcs7kXAYPC2y10MgX2aIGjBBQMdaCsy2lPNeJWaqyP1G6jZz2TFGQuhOqVMTAHzOTq\").style.height=e.data.height+\"px\";},false);<\/script>\t\t<\/div>\n\t\t\t\t<\/div>\n\t\t\t\t<div class=\"elementor-element elementor-element-1e2215e elementor-hidden-desktop elementor-hidden-tablet elementor-hidden-mobile elementor-widget elementor-widget-heading\" data-id=\"1e2215e\" data-element_type=\"widget\" data-widget_type=\"heading.default\">\n\t\t\t\t<div class=\"elementor-widget-container\">\n\t\t\t<style>\/*! elementor - v3.20.0 - 11-03-2024 *\/\n.elementor-heading-title{padding:0;margin:0;line-height:1}.elementor-widget-heading .elementor-heading-title[class*=elementor-size-]>a{color:inherit;font-size:inherit;line-height:inherit}.elementor-widget-heading .elementor-heading-title.elementor-size-small{font-size:15px}.elementor-widget-heading .elementor-heading-title.elementor-size-medium{font-size:19px}.elementor-widget-heading .elementor-heading-title.elementor-size-large{font-size:29px}.elementor-widget-heading .elementor-heading-title.elementor-size-xl{font-size:39px}.elementor-widget-heading .elementor-heading-title.elementor-size-xxl{font-size:59px}<\/style><h2 class=\"elementor-heading-title elementor-size-default\">Privacy Policy<\/h2>\t\t<\/div>\n\t\t\t\t<\/div>\n\t\t\t\t<div class=\"elementor-element elementor-element-51646c3a elementor-hidden-desktop elementor-hidden-tablet elementor-hidden-mobile elementor-widget elementor-widget-text-editor\" data-id=\"51646c3a\" data-element_type=\"widget\" data-widget_type=\"text-editor.default\">\n\t\t\t\t<div class=\"elementor-widget-container\">\n\t\t\t<style>\/*! elementor - v3.20.0 - 11-03-2024 *\/\n.elementor-widget-text-editor.elementor-drop-cap-view-stacked .elementor-drop-cap{background-color:#69727d;color:#fff}.elementor-widget-text-editor.elementor-drop-cap-view-framed .elementor-drop-cap{color:#69727d;border:3px solid;background-color:transparent}.elementor-widget-text-editor:not(.elementor-drop-cap-view-default) .elementor-drop-cap{margin-top:8px}.elementor-widget-text-editor:not(.elementor-drop-cap-view-default) .elementor-drop-cap-letter{width:1em;height:1em}.elementor-widget-text-editor .elementor-drop-cap{float:left;text-align:center;line-height:1;font-size:50px}.elementor-widget-text-editor .elementor-drop-cap-letter{display:inline-block}<\/style>\t\t\t\t<p>In accordance with Organic Law 3\/2018, of December 5, on the Protection of Personal Data and guarantee of digital rights LOPDGDD and its Development Regulation (RGPD) (EU) 2016\/679, we inform you of the following:<\/p>\n<h3>WHO IS RESPONSIBLE FOR THE PROCESSING OF YOUR DATA?<\/h3>\n<ul>\n<li><strong>Social denomination<\/strong>: Digitization of Technical Processes SL (hereinafter, aira system)<\/li>\n<li><strong>Tradename<\/strong>: \u00a9 AIRA SYSTEM<\/li>\n<li><strong>CIF<\/strong>: B06765671<\/li>\n<li><strong>mailing address<\/strong>: C\/ Cochabamba 24, 1\u00baA 28016, Madrid, Spain<\/li>\n<li><strong>Telephone<\/strong>: 677600014<\/li>\n<li><strong>Email<\/strong>: <a href=\"mailto:info@aira-system.com\">info@aira-system.com<\/a><\/li>\n<\/ul>\n<h3>For what purpose do we process your personal data?<\/h3>\n<p>Maintain a record of the people interested in our services, as well as being able to send you commercial information about them.<\/p>\n<h3>How long will we keep your data?<\/h3>\n<p>The personal data provided will be kept while the service is provided or later for possible legal responsibilities.<\/p>\n<h3>What is the legitimacy for the treatment of your data?<\/h3>\n<p>The legal basis for the treatment of your data is the provision of the service or the attention of queries formulated by the interested party.<\/p>\n<h3>To which recipients will your data be communicated?<\/h3>\n<p>Your data will not be transferred to third parties except in cases where there is a legal obligation and we will treat them based on your consent.<\/p>\n<h3>For what purpose do we process your personal data?<\/h3>\n<p>We treat the information provided by interested persons in order to comply with the provision of the service and\/or answer the queries made.<\/p>\n<h3>What are your rights when you provide us with your data?<\/h3>\n<p>Anyone has the right to obtain confirmation about whether or not we are processing personal data that concerns them.<\/p>\n<p>Interested persons have the right to access their personal data, as well as to request the rectification of inaccurate data or, where appropriate, request its deletion when, among other reasons, the data is no longer necessary for the purposes for which it was collected.<\/p>\n<p>In certain circumstances, the interested parties may request the limitation of the processing of their data, in which case we will only keep them for the exercise or defense of claims.<\/p>\n<p>In certain circumstances and for reasons related to their particular situation, the interested parties may oppose the processing of their data. In that case we will stop processing the data, except for compelling legitimate reasons, or the exercise or defense of possible claims.<\/p>\n<p>We also inform you of the right to protection from the data protection authority, <a href=\"http:\/\/www.agpd.es\">www.agpd.es<\/a>.<\/p>\n<h3>How have we obtained your data?<\/h3>\n<p>The personal data we process comes from the interested party or his legal representative. The categories of data that are processed are: Identification data, postal or electronic addresses, telephone numbers.<\/p>\t\t\t\t\t\t<\/div>\n\t\t\t\t<\/div>\n\t\t\t\t\t<\/div>\n\t\t<\/div>\n\t\t\t\t\t<\/div>\n\t\t<\/section>\n\t\t\t\t<\/div>","protected":false},"excerpt":{"rendered":"<p>Privacy policy In accordance with Organic Law 3\/2018, of December 5, on the Protection of Personal Data and guarantee of digital rights LOPDGDD and its Development Regulation (RGPD) (EU) 2016\/679, we inform you of the following : WHO IS RESPONSIBLE FOR THE PROCESSING OF YOUR DATA? Company Name: Digitization of Technical Processes SL [\u2026]<\/p>","protected":false},"author":1,"featured_media":0,"parent":0,"menu_order":31,"comment_status":"closed","ping_status":"closed","template":"","meta":{"content-type":"","inline_featured_image":false,"footnotes":""},"class_list":["post-3","page","type-page","status-publish","hentry"],"yoast_head":"<!-- This site is optimized with the Yoast SEO plugin v22.2 - https:\/\/yoast.com\/wordpress\/plugins\/seo\/ -->\n<title>Pol\u00edtica de privacidad - aira<\/title>\n<meta name=\"robots\" content=\"index, follow, max-snippet:-1, max-image-preview:large, max-video-preview:-1\" \/>\n<link rel=\"canonical\" href=\"https:\/\/aira-system.com\/en\/privacy-policy\/\" \/>\n<meta property=\"og:locale\" content=\"en_GB\" \/>\n<meta property=\"og:type\" content=\"article\" \/>\n<meta property=\"og:title\" content=\"Pol\u00edtica de privacidad - aira\" \/>\n<meta property=\"og:description\" content=\"Pol\u00edtica de privacidad De acuerdo con la Ley Org\u00e1nica 3\/2018, de 5 de diciembre, de Protecci\u00f3n de Datos Personales y garant\u00eda de los derechos digitales LOPDGDD y su Reglamento de desarrollo (RGPD) (UE) 2016\/679, le informamos de los siguiente: \u00bfQUI\u00c9N ES EL RESPONSABLE DEL TRATAMIENTO DE SUS DATOS? Denominaci\u00f3n Social: Digitalizaci\u00f3n de Procesos T\u00e9cnicos S.L. [&hellip;]\" \/>\n<meta property=\"og:url\" content=\"https:\/\/aira-system.com\/en\/privacy-policy\/\" \/>\n<meta property=\"og:site_name\" content=\"aira\" \/>\n<meta property=\"article:modified_time\" content=\"2023-11-23T09:28:15+00:00\" \/>\n<meta name=\"twitter:card\" content=\"summary_large_image\" \/>\n<meta name=\"twitter:label1\" content=\"Estimated reading time\" \/>\n\t<meta name=\"twitter:data1\" content=\"2 minutes\" \/>\n<script type=\"application\/ld+json\" class=\"yoast-schema-graph\">{\"@context\":\"https:\/\/schema.org\",\"@graph\":[{\"@type\":\"WebPage\",\"@id\":\"https:\/\/aira-system.com\/politica-de-privacidad\/\",\"url\":\"https:\/\/aira-system.com\/politica-de-privacidad\/\",\"name\":\"Pol\u00edtica de privacidad - aira\",\"isPartOf\":{\"@id\":\"https:\/\/aira-system.com\/#website\"},\"datePublished\":\"2022-01-28T08:43:11+00:00\",\"dateModified\":\"2023-11-23T09:28:15+00:00\",\"breadcrumb\":{\"@id\":\"https:\/\/aira-system.com\/politica-de-privacidad\/#breadcrumb\"},\"inLanguage\":\"en-GB\",\"potentialAction\":[{\"@type\":\"ReadAction\",\"target\":[\"https:\/\/aira-system.com\/politica-de-privacidad\/\"]}]},{\"@type\":\"BreadcrumbList\",\"@id\":\"https:\/\/aira-system.com\/politica-de-privacidad\/#breadcrumb\",\"itemListElement\":[{\"@type\":\"ListItem\",\"position\":1,\"name\":\"Portada\",\"item\":\"https:\/\/aira-system.com\/\"},{\"@type\":\"ListItem\",\"position\":2,\"name\":\"Pol\u00edtica de privacidad\"}]},{\"@type\":\"WebSite\",\"@id\":\"https:\/\/aira-system.com\/#website\",\"url\":\"https:\/\/aira-system.com\/\",\"name\":\"aira\",\"description\":\"A un clic del asegurado\",\"publisher\":{\"@id\":\"https:\/\/aira-system.com\/#organization\"},\"potentialAction\":[{\"@type\":\"SearchAction\",\"target\":{\"@type\":\"EntryPoint\",\"urlTemplate\":\"https:\/\/aira-system.com\/?s={search_term_string}\"},\"query-input\":\"required name=search_term_string\"}],\"inLanguage\":\"en-GB\"},{\"@type\":\"Organization\",\"@id\":\"https:\/\/aira-system.com\/#organization\",\"name\":\"aira\",\"url\":\"https:\/\/aira-system.com\/\",\"logo\":{\"@type\":\"ImageObject\",\"inLanguage\":\"en-GB\",\"@id\":\"https:\/\/aira-system.com\/#\/schema\/logo\/image\/\",\"url\":\"https:\/\/aira-system.com\/wp-content\/uploads\/2023\/11\/aira.png\",\"contentUrl\":\"https:\/\/aira-system.com\/wp-content\/uploads\/2023\/11\/aira.png\",\"width\":125,\"height\":53,\"caption\":\"aira\"},\"image\":{\"@id\":\"https:\/\/aira-system.com\/#\/schema\/logo\/image\/\"}}]}<\/script>\n<!-- \/ Yoast SEO plugin. -->","yoast_head_json":{"title":"Pol\u00edtica de privacidad - aira","robots":{"index":"index","follow":"follow","max-snippet":"max-snippet:-1","max-image-preview":"max-image-preview:large","max-video-preview":"max-video-preview:-1"},"canonical":"https:\/\/aira-system.com\/en\/privacy-policy\/","og_locale":"en_GB","og_type":"article","og_title":"Pol\u00edtica de privacidad - aira","og_description":"Pol\u00edtica de privacidad De acuerdo con la Ley Org\u00e1nica 3\/2018, de 5 de diciembre, de Protecci\u00f3n de Datos Personales y garant\u00eda de los derechos digitales LOPDGDD y su Reglamento de desarrollo (RGPD) (UE) 2016\/679, le informamos de los siguiente: \u00bfQUI\u00c9N ES EL RESPONSABLE DEL TRATAMIENTO DE SUS DATOS? Denominaci\u00f3n Social: Digitalizaci\u00f3n de Procesos T\u00e9cnicos S.L. [&hellip;]","og_url":"https:\/\/aira-system.com\/en\/privacy-policy\/","og_site_name":"aira","article_modified_time":"2023-11-23T09:28:15+00:00","twitter_card":"summary_large_image","twitter_misc":{"Estimated reading time":"2 minutes"},"schema":{"@context":"https:\/\/schema.org","@graph":[{"@type":"WebPage","@id":"https:\/\/aira-system.com\/politica-de-privacidad\/","url":"https:\/\/aira-system.com\/politica-de-privacidad\/","name":"Pol\u00edtica de privacidad - aira","isPartOf":{"@id":"https:\/\/aira-system.com\/#website"},"datePublished":"2022-01-28T08:43:11+00:00","dateModified":"2023-11-23T09:28:15+00:00","breadcrumb":{"@id":"https:\/\/aira-system.com\/politica-de-privacidad\/#breadcrumb"},"inLanguage":"en-GB","potentialAction":[{"@type":"ReadAction","target":["https:\/\/aira-system.com\/politica-de-privacidad\/"]}]},{"@type":"BreadcrumbList","@id":"https:\/\/aira-system.com\/politica-de-privacidad\/#breadcrumb","itemListElement":[{"@type":"ListItem","position":1,"name":"Portada","item":"https:\/\/aira-system.com\/"},{"@type":"ListItem","position":2,"name":"Pol\u00edtica de privacidad"}]},{"@type":"WebSite","@id":"https:\/\/aira-system.com\/#website","url":"https:\/\/aira-system.com\/","name":"aira","description":"A un clic del asegurado","publisher":{"@id":"https:\/\/aira-system.com\/#organization"},"potentialAction":[{"@type":"SearchAction","target":{"@type":"EntryPoint","urlTemplate":"https:\/\/aira-system.com\/?s={search_term_string}"},"query-input":"required name=search_term_string"}],"inLanguage":"en-GB"},{"@type":"Organization","@id":"https:\/\/aira-system.com\/#organization","name":"aira","url":"https:\/\/aira-system.com\/","logo":{"@type":"ImageObject","inLanguage":"en-GB","@id":"https:\/\/aira-system.com\/#\/schema\/logo\/image\/","url":"https:\/\/aira-system.com\/wp-content\/uploads\/2023\/11\/aira.png","contentUrl":"https:\/\/aira-system.com\/wp-content\/uploads\/2023\/11\/aira.png","width":125,"height":53,"caption":"aira"},"image":{"@id":"https:\/\/aira-system.com\/#\/schema\/logo\/image\/"}}]}},"_links":{"self":[{"href":"https:\/\/aira-system.com\/en\/wp-json\/wp\/v2\/pages\/3","targetHints":{"allow":["GET"]}}],"collection":[{"href":"https:\/\/aira-system.com\/en\/wp-json\/wp\/v2\/pages"}],"about":[{"href":"https:\/\/aira-system.com\/en\/wp-json\/wp\/v2\/types\/page"}],"author":[{"embeddable":true,"href":"https:\/\/aira-system.com\/en\/wp-json\/wp\/v2\/users\/1"}],"replies":[{"embeddable":true,"href":"https:\/\/aira-system.com\/en\/wp-json\/wp\/v2\/comments?post=3"}],"version-history":[{"count":13,"href":"https:\/\/aira-system.com\/en\/wp-json\/wp\/v2\/pages\/3\/revisions"}],"predecessor-version":[{"id":9603,"href":"https:\/\/aira-system.com\/en\/wp-json\/wp\/v2\/pages\/3\/revisions\/9603"}],"wp:attachment":[{"href":"https:\/\/aira-system.com\/en\/wp-json\/wp\/v2\/media?parent=3"}],"curies":[{"name":"wp","href":"https:\/\/api.w.org\/{rel}","templated":true}]}}